{"id":3377,"date":"2026-02-25T16:30:19","date_gmt":"2026-02-25T21:30:19","guid":{"rendered":"https:\/\/mercator.pe\/?page_id=3377"},"modified":"2026-03-23T11:30:21","modified_gmt":"2026-03-23T16:30:21","slug":"comunicados","status":"publish","type":"page","link":"https:\/\/www.mercator.com.pe\/en\/comunicados\/","title":{"rendered":"Comunicados"},"content":{"rendered":"<div data-elementor-type=\"wp-page\" data-elementor-id=\"3377\" class=\"elementor elementor-3377\" data-elementor-post-type=\"page\">\n\t\t\t\t<div class=\"elementor-element elementor-element-867c120 e-flex e-con-boxed e-con e-parent\" data-id=\"867c120\" data-element_type=\"container\" data-e-type=\"container\" data-settings=\"{&quot;background_background&quot;:&quot;classic&quot;}\">\n\t\t\t\t\t<div class=\"e-con-inner\">\n\t\t<div class=\"elementor-element elementor-element-eb59462 e-con-full e-flex e-con e-child\" data-id=\"eb59462\" data-element_type=\"container\" data-e-type=\"container\">\n\t\t\t\t<div class=\"elementor-element elementor-element-ff68251 elementor-widget elementor-widget-theme-post-title elementor-page-title elementor-widget-heading\" data-id=\"ff68251\" data-element_type=\"widget\" data-e-type=\"widget\" data-widget_type=\"theme-post-title.default\">\n\t\t\t\t\t<h1 class=\"elementor-heading-title elementor-size-default\">Comunicados<\/h1>\t\t\t\t<\/div>\n\t\t\t\t<\/div>\n\t\t<div class=\"elementor-element elementor-element-bbe18cb e-con-full hero e-flex e-con e-child\" data-id=\"bbe18cb\" data-element_type=\"container\" data-e-type=\"container\" data-settings=\"{&quot;background_background&quot;:&quot;classic&quot;,&quot;position&quot;:&quot;absolute&quot;}\">\n\t\t\t\t<div class=\"elementor-element elementor-element-8d079d9 elementor-widget elementor-widget-text-editor\" data-id=\"8d079d9\" data-element_type=\"widget\" data-e-type=\"widget\" data-widget_type=\"text-editor.default\">\n\t\t\t\t\t\t\t\t\t<p>En esta secci\u00f3n compartimos nuestros comunicados oficiales, actualizaciones normativas, alertas operativas y avisos relevantes para nuestros clientes y aliados estrat\u00e9gicos. Nuestro objetivo es mantener informadas a las empresas que operan en comercio exterior sobre cambios que puedan impactar sus operaciones.<\/p>\t\t\t\t\t\t\t\t<\/div>\n\t\t\t\t<\/div>\n\t\t\t\t\t<\/div>\n\t\t\t\t<\/div>\n\t\t<div class=\"elementor-element elementor-element-6d16758 e-flex e-con-boxed e-con e-parent\" data-id=\"6d16758\" data-element_type=\"container\" data-e-type=\"container\">\n\t\t\t\t\t<div class=\"e-con-inner\">\n\t\t\t\t<div class=\"elementor-element elementor-element-a1e16ac elementor-widget elementor-widget-html\" data-id=\"a1e16ac\" data-element_type=\"widget\" data-e-type=\"widget\" data-widget_type=\"html.default\">\n\t\t\t\t\t<!DOCTYPE html>\r\n<html lang=\"es\">\r\n<head>\r\n    <meta charset=\"UTF-8\">\r\n    <meta name=\"viewport\" content=\"width=device-width, initial-scale=1.0\">\r\n    <title>Comunicados<\/title>\r\n    <style>\r\n        body {\r\n            font-family: Arial, sans-serif;\r\n            background-color: #f0f0f0;\r\n            margin: 0;\r\n            padding: 0;\r\n        }\r\n\r\n        table {\r\n            width: 100%;\r\n            margin: 20px 0;\r\n            border-collapse: collapse;\r\n        }\r\n\r\n        th, td {\r\n            padding: 12px;\r\n            text-align: left;\r\n            border: 1px solid #ddd;\r\n        }\r\n\r\n        th {\r\n            background-color: #CE0028; \/* Color solicitado solo para el encabezado *\/\r\n            color: white;\r\n        }\r\n\r\n        tr:nth-child(even) {\r\n            background-color: #f2f2f2;\r\n        }\r\n\r\n        .download-link {\r\n            color: #003AD7; \/* Color de los enlaces de descarga *\/\r\n            text-decoration: none;\r\n        }\r\n\r\n        .download-link:hover {\r\n            text-decoration: underline;\r\n        }\r\n    <\/style>\r\n<\/head>\r\n<body>\r\n    <table>\r\n        <thead>\r\n            <tr>\r\n                <th>Comunicado<\/th>\r\n                <th>Fecha de publicaci\u00f3n<\/th>\r\n                <th>Descarga<\/th>\r\n            <\/tr>\r\n        <\/thead>\r\n        <tbody>\r\n             <tr>\r\n                <td> Aviso de cierre el 27\/03\/2026 por Aniversario Corporativo <\/td>\r\n                <td> 23\/03\/2026  <\/td>\r\n                <td><a href=\"#\" class=\"download-link\">  <a href=\"https:\/\/mercator.pe\/wp-content\/uploads\/2026\/03\/FORMATO-COMUNICADO-MERCATOR-ATENCION-27-MARZO.pdf\" target=\"_blank\" rel=\"noopener noreferrer\" style=\"text-decoration: underline;\">\r\n  Descargar\r\n  <\/a> <\/a><\/td>\r\n            <tr>\r\n                <td> Notificaci\u00f3n de Actualizaci\u00f3n de Tarifas: D&D <\/td>\r\n                <td> 18\/03\/2026  <\/td>\r\n                <td><a href=\"#\" class=\"download-link\">  <a href=\"https:\/\/mercator.pe\/D&amp;DCustomerAdvisory2026.pdf\" target=\"_blank\" rel=\"noopener noreferrer\" style=\"text-decoration: underline;\">\r\n  Descargar\r\n\r\n<\/a> <\/a><\/td>\r\n            <\/tr>\r\n                            <td> Actualizaci\u00f3n de tarifas por agenciamiento  <\/td>\r\n                <td> 18\/03\/2026  <\/td>\r\n                <td><a href=\"#\" class=\"download-link\"> <a href=\"https:\/\/mercator.pe\/tarifascac.pdf\" target=\"_blank\" rel=\"noopener noreferrer\" style=\"text-decoration: underline;\">\r\n  Descargar\r\n<\/a>  <\/a><\/td>\r\n            <\/tr>\r\n        <\/tbody>\r\n    <\/table>\r\n\r\n<\/body>\r\n<\/html>\t\t\t\t<\/div>\n\t\t\t\t\t<\/div>\n\t\t\t\t<\/div>\n\t\t<div class=\"elementor-element elementor-element-31ca657 grupo--compacto e-flex e-con-boxed e-con e-parent\" data-id=\"31ca657\" data-element_type=\"container\" data-e-type=\"container\" data-settings=\"{&quot;background_background&quot;:&quot;classic&quot;}\">\n\t\t\t\t\t<div class=\"e-con-inner\">\n\t\t<div class=\"elementor-element elementor-element-f5e84e2 e-con-full e-flex e-con e-child\" data-id=\"f5e84e2\" data-element_type=\"container\" data-e-type=\"container\">\n\t\t\t\t<div class=\"elementor-element elementor-element-938f442 elementor-widget elementor-widget-heading\" data-id=\"938f442\" data-element_type=\"widget\" data-e-type=\"widget\" data-widget_type=\"heading.default\">\n\t\t\t\t\t<h2 class=\"elementor-heading-title elementor-size-default\">Actualizaciones operativas<\/h2>\t\t\t\t<\/div>\n\t\t\t\t<\/div>\n\t\t<div class=\"elementor-element elementor-element-8580a5b e-con-full e-flex e-con e-child\" data-id=\"8580a5b\" data-element_type=\"container\" data-e-type=\"container\">\n\t\t\t\t<div class=\"elementor-element elementor-element-19f6e18 elementor-widget elementor-widget-text-editor\" data-id=\"19f6e18\" data-element_type=\"widget\" data-e-type=\"widget\" data-widget_type=\"text-editor.default\">\n\t\t\t\t\t\t\t\t\t<p>Brindamos orientaci\u00f3n pr\u00e1ctica para que las empresas puedan anticiparse y minimizar contingencias.<\/p>\t\t\t\t\t\t\t\t<\/div>\n\t\t\t\t<div class=\"elementor-element elementor-element-74eb90f elementor-widget elementor-widget-button\" data-id=\"74eb90f\" data-element_type=\"widget\" data-e-type=\"widget\" data-widget_type=\"button.default\">\n\t\t\t\t\t\t\t\t\t\t<a class=\"elementor-button elementor-button-link elementor-size-sm\" href=\"https:\/\/wa.me\/51908809165?text=Hola%2C%20vengo%20de%20Mercator%20Per\u00fa.%20Deseo%20m\u00e1s%20informaci\u00f3n%20sobre%20su%20servicio.\" target=\"_blank\" rel=\"nofollow noopener\">\n\t\t\t\t\t\t<span class=\"elementor-button-content-wrapper\">\n\t\t\t\t\t\t\t\t\t<span class=\"elementor-button-text\">Contacta con un asesor<\/span>\n\t\t\t\t\t<\/span>\n\t\t\t\t\t<\/a>\n\t\t\t\t\t\t\t\t<\/div>\n\t\t\t\t<\/div>\n\t\t\t\t\t<\/div>\n\t\t\t\t<\/div>\n\t\t\t\t<\/div>","protected":false},"excerpt":{"rendered":"<p>En esta secci\u00f3n compartimos nuestros comunicados oficiales, actualizaciones normativas, alertas operativas y avisos relevantes para nuestros clientes y aliados estrat\u00e9gicos. Nuestro objetivo es mantener informadas a las empresas que operan en comercio exterior sobre cambios que puedan impactar sus operaciones. Comunicados Comunicado Fecha de publicaci\u00f3n Descarga Aviso de cierre el 27\/03\/2026 por Aniversario Corporativo 23\/03\/2026 [&hellip;]<\/p>\n","protected":false},"author":1,"featured_media":0,"parent":0,"menu_order":0,"comment_status":"closed","ping_status":"closed","template":"","meta":{"footnotes":""},"class_list":["post-3377","page","type-page","status-publish","hentry"],"blocksy_meta":[],"_links":{"self":[{"href":"https:\/\/www.mercator.com.pe\/en\/wp-json\/wp\/v2\/pages\/3377","targetHints":{"allow":["GET"]}}],"collection":[{"href":"https:\/\/www.mercator.com.pe\/en\/wp-json\/wp\/v2\/pages"}],"about":[{"href":"https:\/\/www.mercator.com.pe\/en\/wp-json\/wp\/v2\/types\/page"}],"author":[{"embeddable":true,"href":"https:\/\/www.mercator.com.pe\/en\/wp-json\/wp\/v2\/users\/1"}],"replies":[{"embeddable":true,"href":"https:\/\/www.mercator.com.pe\/en\/wp-json\/wp\/v2\/comments?post=3377"}],"version-history":[{"count":37,"href":"https:\/\/www.mercator.com.pe\/en\/wp-json\/wp\/v2\/pages\/3377\/revisions"}],"predecessor-version":[{"id":3597,"href":"https:\/\/www.mercator.com.pe\/en\/wp-json\/wp\/v2\/pages\/3377\/revisions\/3597"}],"wp:attachment":[{"href":"https:\/\/www.mercator.com.pe\/en\/wp-json\/wp\/v2\/media?parent=3377"}],"curies":[{"name":"wp","href":"https:\/\/api.w.org\/{rel}","templated":true}]}}