{"id":2200,"date":"2025-10-28T12:33:47","date_gmt":"2025-10-28T17:33:47","guid":{"rendered":"https:\/\/mercator.pe\/?page_id=2200"},"modified":"2025-10-29T10:18:08","modified_gmt":"2025-10-29T15:18:08","slug":"itinerarios","status":"publish","type":"page","link":"https:\/\/www.mercator.com.pe\/en\/itinerarios\/","title":{"rendered":"Itineraries"},"content":{"rendered":"<div data-elementor-type=\"wp-page\" data-elementor-id=\"2200\" class=\"elementor elementor-2200\" data-elementor-post-type=\"page\">\n\t\t\t\t<div class=\"elementor-element elementor-element-7c98bbe grupo e-flex e-con-boxed e-con e-parent\" data-id=\"7c98bbe\" data-element_type=\"container\" data-e-type=\"container\" data-settings=\"{&quot;background_background&quot;:&quot;classic&quot;}\">\n\t\t\t\t\t<div class=\"e-con-inner\">\n\t\t<div class=\"elementor-element elementor-element-033781d e-con-full e-flex e-con e-child\" data-id=\"033781d\" data-element_type=\"container\" data-e-type=\"container\">\n\t\t\t\t<div class=\"elementor-element elementor-element-6508e83 elementor-invisible elementor-widget elementor-widget-heading\" data-id=\"6508e83\" data-element_type=\"widget\" data-e-type=\"widget\" data-settings=\"{&quot;_animation&quot;:&quot;slideInLeft&quot;,&quot;_animation_tablet&quot;:&quot;none&quot;}\" data-widget_type=\"heading.default\">\n\t\t\t\t\t<h1 class=\"elementor-heading-title elementor-size-default\">Itineraries<\/h1>\t\t\t\t<\/div>\n\t\t\t\t<\/div>\n\t\t\t\t\t<\/div>\n\t\t\t\t<\/div>\n\t\t<div class=\"elementor-element elementor-element-fcec0b1 grupo e-flex e-con-boxed e-con e-parent\" data-id=\"fcec0b1\" data-element_type=\"container\" data-e-type=\"container\">\n\t\t\t\t\t<div class=\"e-con-inner\">\n\t\t\t\t<div class=\"elementor-element elementor-element-8e894f8 elementor-widget elementor-widget-text-editor\" data-id=\"8e894f8\" data-element_type=\"widget\" data-e-type=\"widget\" data-widget_type=\"text-editor.default\">\n\t\t\t\t\t\t\t\t\t<p>The information below contains all of the ships that has a range of 30 days before and after the current date.<\/p>\t\t\t\t\t\t\t\t<\/div>\n\t\t\t\t<div class=\"elementor-element elementor-element-b11863f elementor-widget elementor-widget-html\" data-id=\"b11863f\" data-element_type=\"widget\" data-e-type=\"widget\" data-widget_type=\"html.default\">\n\t\t\t\t\t<iframe style=\"min-height:512px\" src=\"https:\/\/www.meridian.com.pe\/MercatorPeru\/eSIMMP\/Documentacion\/BitacoraWeb.aspx\" frameborder=\"0\" scrolling=\"no\"><\/iframe>\t\t\t\t<\/div>\n\t\t\t\t\t<\/div>\n\t\t\t\t<\/div>\n\t\t\t\t<\/div>","protected":false},"excerpt":{"rendered":"<p>Itinerarios La informaci\u00f3n mostrada a continuaci\u00f3n contiene todas las naves que tiene un rango de 30 d\u00edas antes y posterior a la fecha actual.<\/p>","protected":false},"author":1,"featured_media":0,"parent":0,"menu_order":0,"comment_status":"closed","ping_status":"closed","template":"","meta":{"footnotes":""},"class_list":["post-2200","page","type-page","status-publish","hentry"],"blocksy_meta":[],"_links":{"self":[{"href":"https:\/\/www.mercator.com.pe\/en\/wp-json\/wp\/v2\/pages\/2200","targetHints":{"allow":["GET"]}}],"collection":[{"href":"https:\/\/www.mercator.com.pe\/en\/wp-json\/wp\/v2\/pages"}],"about":[{"href":"https:\/\/www.mercator.com.pe\/en\/wp-json\/wp\/v2\/types\/page"}],"author":[{"embeddable":true,"href":"https:\/\/www.mercator.com.pe\/en\/wp-json\/wp\/v2\/users\/1"}],"replies":[{"embeddable":true,"href":"https:\/\/www.mercator.com.pe\/en\/wp-json\/wp\/v2\/comments?post=2200"}],"version-history":[{"count":0,"href":"https:\/\/www.mercator.com.pe\/en\/wp-json\/wp\/v2\/pages\/2200\/revisions"}],"wp:attachment":[{"href":"https:\/\/www.mercator.com.pe\/en\/wp-json\/wp\/v2\/media?parent=2200"}],"curies":[{"name":"wp","href":"https:\/\/api.w.org\/{rel}","templated":true}]}}